{"id":4948,"date":"2022-11-30T18:03:38","date_gmt":"2022-11-30T18:03:38","guid":{"rendered":"https:\/\/dxncanada.ca\/staging\/6853\/?page_id=4948"},"modified":"2025-08-01T14:36:17","modified_gmt":"2025-08-01T14:36:17","slug":"contact","status":"publish","type":"page","link":"https:\/\/dxncanada.ca\/fr\/contact\/","title":{"rendered":"Contact"},"content":{"rendered":"<a href=\"https:\/\/dxncanada.ca\/fr\/\" target=\"_self\" itemprop=\"url\">\n\t\t\t\t<img decoding=\"async\" loading=\"lazy\" src=\"https:\/\/dxncanada.ca\/staging\/6853\/wp-content\/uploads\/2022\/11\/dxn-logo-1024x1024.png\" alt=\"dxn logo\" itemprop=\"image\" title=\"dxn logo\" onerror=\"this.style.display='none'\"  \/>\n\t\t\t\t<\/a>\n<h5>\n\t\t20 centres de service partout au pays\n\t<\/h5>\n<h1>\n\t\tRentrer en contact avec nos\n\t<\/h1>\n<h2>\n\t\tEnvoyer un message \u00e0 nos\n\t<\/h2>\n<h2>\n\t\tSi\u00e8ge de DXN Canada\n\t<\/h2>\n\t<strong>Daehsan Canada Inc.<\/strong><br \/>\n3950 Malden Road<br \/>\nWindsor, Ontario<br \/>\nN9C 2G4\n<strong>Num\u00e9ro de t\u00e9l\u00e9phone<\/strong><br \/>\nLocal : <a href=\"tel:5199671522\">(519) 967-1522<\/a><br \/>\nNum\u00e9ro sans frais de Canada <a href=\"tel:1-888-307-0280\">1-888-307-0280<\/a><br \/>\nFax : (519) 967-1974\n<strong>E-mail<\/strong><br \/>\n<a href=\"mailto:info@dxncanada.ca\">info@dxncanada.ca<\/a>\n<strong>Les heures d\u2019ouverture<br \/>\n<\/strong>Monday through Friday: 10am &#8211; 5pm<br \/>\nSamedi et dimanche : ferm\u00e9<br \/>\nVacances : ferm\u00e9\n<h4>\n\t\tDXN Canada centres de services \u00e0 l\u2019est\n\t<\/h4>\n\t\t<h5>Brampton, Ontario<\/h5>\t\t\n\t\t\t1 Astrantia Way<br \/>\nBrampton, Ontario<br \/>\nL6X 1R3\nContact: Syed Naeem Mukhtar<br \/>\nTel: (416) 262-8575<br \/>\nEmail: snmukhtar@gmail.com\n<p>Speaks Filipino \/ English<\/p>\n\t\t<h5>Brampton, Ontario<\/h5>\t\t\n\t\t\t2 Omega Square<br \/>\nBrampton, Ontario<br \/>\nL6Z 1k5\nContact: Aruna Sharda<br \/>\nTel: (905) 840-4100<br \/>\nCell: (647) 998-9398<br \/>\nEmail:\u00a0<a href=\"mailto:info@alternateremedies.com\">info@alternateremedies.com<\/a>\n<p>Speaks Punjabi \/ English<\/p>\n\t\t<h5>Brantford, Ontario<\/h5>\t\t\n\t\t\t86 Gillin Rd.<br \/>\nBrantford, Ontario<br \/>\nN3P 1X3\nContact: Tika Ram Subba<br \/>\nTel: (289) 698-8381<br \/>\nEmail:\u00a0<a href=\"mailto:canadadxnsubba17@gmail.com\">canadadxnsubba17@gmail.com<\/a>\n<p>Speaks Nepali \/ English<\/p>\n\t\t<h5>London, Ontario<\/h5>\t\t\n\t\t\t696 Widmore Drive<br \/>\nLondon, Ontario<br \/>\nN6J 3A9\nContact: Ala Ajami<br \/>\nTel: (519) 702-9701<br \/>\nCell: (226)268-5007<br \/>\nEmail:\u00a0<a href=\"mailto:dxnlondon2@gmail.com\">dxnlondon2@gmail.com<\/a>\n<p>Speaks Arabic \/ English<\/p>\n\t\t<h5>Missassauga, Ontario<\/h5>\t\t\n\t\t\t1332 Khalsa Drive Unit 6 (Sat &amp; Sun)<br \/>\nMississauga, Ontario<br \/>\nL6Z 1K5\nContact: Rashmi Rastogi<br \/>\nTel: (416) 262-7518 (call for info)<br \/>\nEmail: rashmirastogi11@yahoo.com\n<p>Speaks Punjabi \/ English<\/p>\n\t\t<h5>Oakville, Ontario<\/h5>\t\t\n\t\t\t227 Jessie Caverhill Pass<br \/>\nOakville, Ontario<br \/>\nL6M OZ6\nContact: Sobha Padiyath<br \/>\nTel: (647) 302-2997<br \/>\nEmail:\u00a0<a href=\"mailto:shoba.padiyath@gmail.com\">shoba.padiyath@gmail.com<\/a>\n<p>Speaks English<\/p>\n\t\t<h5>Scarborough, Ontario<\/h5>\t\t\n\t\t\t11 Oakworth Crescent<br \/>\nScarborough, Ontario<br \/>\nM1K 3T7\nContact: Rashmi Rastogi<br \/>\nCell: (416) 262-7518<br \/>\nEmail: rashmirastogi@hotmail.ca\n<p>Speaks Punjabi \/ English<\/p>\n\t\t<h5>GLOUCESTER, ONtario<\/h5>\t\t\n\t\t\t774 Ovation Grove<br \/>\nGloucester, Ontario<br \/>\nK1T 0X6\nContact: Asma Mayasa Almghir<br \/>\nTel: (438) 407-5712<br \/>\nEmail: asmaconfed@gmail.com\n<p>Speaks French \/ English \/ Arabic<\/p>\n\t\t<h5>Guelph, Ontario<\/h5>\t\t\n\t\t\t302 &#8211; 63 Queen Street,<br \/>\nGuelph, Ontario<br \/>\nN1E 4R9\nContact: Halima Sulaiman<br \/>\nTel: (226) 203-0173,<br \/>\nEmail:\u00a0<a href=\"mailto:halima.sulaiman1@gmail.com\" target=\"_blank\" rel=\"noopener\">halima.sulaiman1@gmail.com<\/a>\n<p>Speaks Arabic \/ English<\/p>\n\t\t<h5>Montreal, Quebec<\/h5>\t\t\n\t\t\t1-4840 Barclay Avenue<br \/>\nMontreal, Quebec<br \/>\nH3W 1C9\nContact: Lito Siriban or Imelda Dela Cruz<br \/>\nTel: (514) 443-5899 or (514)-550-6244<br \/>\nEmail:\u00a0<a href=\"mailto:info.dxnmontreal@gmail.com\">info.dxnmontreal@gmail.com<\/a><br \/>\nou par\u00a0<a href=\"mailto:litosiriban@yahoo.ca\">litosiriban@yahoo.ca<\/a>\n<p>Speaks Filipino \/ English<\/p>\n\t\t<h5>Boisbriand, Quebec<\/h5>\t\t\n\t\t\t42 Rue de Galais<br \/>\nBoisbriand, Quebec<br \/>\nJ7G 1P7\nContact: Maria Elva Silva Baca<br \/>\nTel: (514) 967-0251<br \/>\nEmail:\u00a0<a href=\"mailto:dxn-montreal@hotmail.com\">dxn-montreal@hotmail.com<\/a>\n<p>Speaks French \/ English \/ Spanish<\/p>\n<h4>\n\t\tDXN Canada centres de services \u00e0 l\u2019ouest\n\t<\/h4>\n\t\t<h5>Northeast Calgary, Alberta<\/h5>\t\t\n\t\t\t56 Country Village Manor<br \/>\nNortheast Calgary, Alberta<br \/>\nT3K 0L5\nContact: Jethro Borcelo<br \/>\nCell: (403) 437-8044<br \/>\nEmail: jethroborcelo@yahoo.com\n<p>Speaks Filipino \/ English<\/p>\n\t\t<h5>Edmonton, Alberta<\/h5>\t\t\n\t\t\t1583 Jarvis Crescent<br \/>\nEdmonton, Alberta<br \/>\nT6L 6S3\nContact: Danilo Haban<br \/>\nTel: (780) 249-3613<br \/>\nCell: (780) 446-9628<br \/>\nEmail: danilohaban@yahoo.com.ph\n<p>Speaks Filipino \/ English<\/p>\n\t\t<h5>EDMONTON, Alberta<\/h5>\t\t\n\t\t\t12522B 132ave NW<br \/>\nEdmonton, Alberta<br \/>\nT5L 3P9\nContact: Amneh Abusarrees<br \/>\nTel:\u00a0 (780) 680-6828<br \/>\nCell: (780) 680-6778\n<p>Email: DXNedmonton@gmail.com<\/p>\n<p>Speaks Arabic \/ English<\/p>\n\t\t<h5>Surrey, British Columbia<\/h5>\t\t\n\t\t\t305-10520 132 Street<br \/>\nSurrey, British Columbia<br \/>\nV3T 3V6\nContact: Rosemarie Longinos<br \/>\nCell: (604) 916-6453<br \/>\nEmail: rosediazlonginos@yahoo.ca\n<p>Speaks Filipino \/ English<\/p>\n\t\t<h5>Winnipeg, Manitoba<\/h5>\t\t\n\t\t\t148 Leon Bell Drive<br \/>\nWinnipeg, Manitoba<br \/>\nR3T 5W9\nContact: Erbie Marquez<br \/>\nTel: (204) 489-1481<br \/>\nCell: (204) 951-5662<br \/>\nEmail: efm_009@yahoo.com\n<p>Speaks Filipino \/ English<\/p>\n\t\t\t\t<a href=\"https:\/\/dxncanada.ca\/fr\/staging\/6853\/\" target=\"_self\" itemprop=\"url\">\n\t\t\t\t<img decoding=\"async\" loading=\"lazy\" src=\"https:\/\/dxncanada.ca\/wp-content\/uploads\/2022\/11\/dxn-logo-1-300x300.png\" alt=\"dxn logo\" itemprop=\"image\" height=\"300\" width=\"300\" title=\"dxn logo\" onerror=\"this.style.display='none'\"  \/>\n\t\t\t\t<\/a>\n\t<address>3950 Malden Road<br \/>\nWindsor, Ontario<br \/>\nN9C 2G4<\/address>\n<address><a href=\"tel:18883070280\">1-888-307-0280<\/a><\/address>\n<address><a href=\"mailto:info@dxncanada.ca\">info@dxncanada.ca<\/a><\/address>\n<h4>\n\t\tExplorer\n\t<\/h4>\n<h4>\n\t\tdes produits\n\t<\/h4>\n<h4>\n\t\tnouvelles\n\t<\/h4>\n\t<p>Copyright \u00a92023 DXN Canada<\/p>","protected":false},"excerpt":{"rendered":"","protected":false},"author":1,"featured_media":0,"parent":0,"menu_order":0,"comment_status":"closed","ping_status":"closed","template":"","meta":{"nf_dc_page":"","footnotes":""},"class_list":["post-4948","page","type-page","status-publish","hentry"],"_links":{"self":[{"href":"https:\/\/dxncanada.ca\/fr\/wp-json\/wp\/v2\/pages\/4948","targetHints":{"allow":["GET"]}}],"collection":[{"href":"https:\/\/dxncanada.ca\/fr\/wp-json\/wp\/v2\/pages"}],"about":[{"href":"https:\/\/dxncanada.ca\/fr\/wp-json\/wp\/v2\/types\/page"}],"author":[{"embeddable":true,"href":"https:\/\/dxncanada.ca\/fr\/wp-json\/wp\/v2\/users\/1"}],"replies":[{"embeddable":true,"href":"https:\/\/dxncanada.ca\/fr\/wp-json\/wp\/v2\/comments?post=4948"}],"version-history":[{"count":12,"href":"https:\/\/dxncanada.ca\/fr\/wp-json\/wp\/v2\/pages\/4948\/revisions"}],"predecessor-version":[{"id":5818,"href":"https:\/\/dxncanada.ca\/fr\/wp-json\/wp\/v2\/pages\/4948\/revisions\/5818"}],"wp:attachment":[{"href":"https:\/\/dxncanada.ca\/fr\/wp-json\/wp\/v2\/media?parent=4948"}],"curies":[{"name":"wp","href":"https:\/\/api.w.org\/{rel}","templated":true}]}}