{"id":5598,"date":"2025-06-20T15:03:28","date_gmt":"2025-06-20T15:03:28","guid":{"rendered":"https:\/\/dxncanada.ca\/staging\/6853\/?post_type=product&#038;p=5598"},"modified":"2026-03-31T17:56:40","modified_gmt":"2026-03-31T17:56:40","slug":"lions-mane-tablets","status":"publish","type":"product","link":"https:\/\/dxncanada.ca\/fr\/produit\/lions-mane-tablets\/","title":{"rendered":"Lion&#8217;s Mane Tablets"},"content":{"rendered":"<p>La crini\u00e8re de lion est une source de polysaccharides fongiques avec la propri\u00e9t\u00e9 d\u2019immunomodulateur (11). La crini\u00e8re de lion est aussi une source d\u2019antioxydant qui aide \u00e0 lutter et prot\u00e9ger les cellules. Sa aussi aide \u00e0 r\u00e9duire les effets oxydatifs \u00e0 cause des radicaux libres (12).<\/p>\n<p>Taille disponible : 120 comprim\u00e9 par bouteille<\/p>","protected":false},"excerpt":{"rendered":"<p>Lion\u2019s Mane is a source of fungal polysaccharides with immunomodulating properties (11). Lion\u2019s Mane is also a source of antioxidants that help fight and protect the cells. It helps to reduce the oxidative effects and damage caused by free radicals (12). Available sizes: 120 tablets per bottle.<\/p>","protected":false},"featured_media":5168,"comment_status":"open","ping_status":"closed","template":"","meta":{"nf_dc_page":""},"product_brand":[],"product_cat":[28],"product_tag":[],"class_list":{"0":"post-5598","1":"product","2":"type-product","3":"status-publish","4":"has-post-thumbnail","6":"product_cat-supplements","8":"first","9":"instock","10":"taxable","11":"shipping-taxable","12":"purchasable","13":"product-type-simple"},"_links":{"self":[{"href":"https:\/\/dxncanada.ca\/fr\/wp-json\/wp\/v2\/product\/5598","targetHints":{"allow":["GET"]}}],"collection":[{"href":"https:\/\/dxncanada.ca\/fr\/wp-json\/wp\/v2\/product"}],"about":[{"href":"https:\/\/dxncanada.ca\/fr\/wp-json\/wp\/v2\/types\/product"}],"replies":[{"embeddable":true,"href":"https:\/\/dxncanada.ca\/fr\/wp-json\/wp\/v2\/comments?post=5598"}],"wp:featuredmedia":[{"embeddable":true,"href":"https:\/\/dxncanada.ca\/fr\/wp-json\/wp\/v2\/media\/5168"}],"wp:attachment":[{"href":"https:\/\/dxncanada.ca\/fr\/wp-json\/wp\/v2\/media?parent=5598"}],"wp:term":[{"taxonomy":"product_brand","embeddable":true,"href":"https:\/\/dxncanada.ca\/fr\/wp-json\/wp\/v2\/product_brand?post=5598"},{"taxonomy":"product_cat","embeddable":true,"href":"https:\/\/dxncanada.ca\/fr\/wp-json\/wp\/v2\/product_cat?post=5598"},{"taxonomy":"product_tag","embeddable":true,"href":"https:\/\/dxncanada.ca\/fr\/wp-json\/wp\/v2\/product_tag?post=5598"}],"curies":[{"name":"wp","href":"https:\/\/api.w.org\/{rel}","templated":true}]}}