{"id":5603,"date":"2025-06-20T15:26:22","date_gmt":"2025-06-20T15:26:22","guid":{"rendered":"https:\/\/dxncanada.ca\/staging\/6853\/?post_type=product&#038;p=5603"},"modified":"2026-03-31T17:52:46","modified_gmt":"2026-03-31T17:52:46","slug":"lingzhi-3-in-1-coffee","status":"publish","type":"product","link":"https:\/\/dxncanada.ca\/fr\/produit\/lingzhi-3-in-1-coffee\/","title":{"rendered":"3-en-1 caf\u00e9 de Lingzhi"},"content":{"rendered":"<p>DXN 3-en-1 caf\u00e9 de Lingzhi est une fusion de haute qualit\u00e9 de caf\u00e9 et extrait de Ganoderma pur. Il y a tous que vous besoins pour un tasse de caf\u00e9 qui est lisse et d\u00e9licieux.<\/p>\n<p>This product contains dairy creamer.<\/p>\n<p>Taille d\u2019emballage : 20 sachets x 21 g<\/p>","protected":false},"excerpt":{"rendered":"<p>This product contains dairy creamer.<\/p>\n<p>Taille d\u2019emballage : 20 sachets x 21 g<\/p>","protected":false},"featured_media":5185,"comment_status":"open","ping_status":"closed","template":"","meta":{"nf_dc_page":""},"product_brand":[],"product_cat":[58],"product_tag":[],"class_list":{"0":"post-5603","1":"product","2":"type-product","3":"status-publish","4":"has-post-thumbnail","6":"product_cat-food-beverages","8":"first","9":"instock","10":"taxable","11":"shipping-taxable","12":"purchasable","13":"product-type-simple"},"_links":{"self":[{"href":"https:\/\/dxncanada.ca\/fr\/wp-json\/wp\/v2\/product\/5603","targetHints":{"allow":["GET"]}}],"collection":[{"href":"https:\/\/dxncanada.ca\/fr\/wp-json\/wp\/v2\/product"}],"about":[{"href":"https:\/\/dxncanada.ca\/fr\/wp-json\/wp\/v2\/types\/product"}],"replies":[{"embeddable":true,"href":"https:\/\/dxncanada.ca\/fr\/wp-json\/wp\/v2\/comments?post=5603"}],"wp:featuredmedia":[{"embeddable":true,"href":"https:\/\/dxncanada.ca\/fr\/wp-json\/wp\/v2\/media\/5185"}],"wp:attachment":[{"href":"https:\/\/dxncanada.ca\/fr\/wp-json\/wp\/v2\/media?parent=5603"}],"wp:term":[{"taxonomy":"product_brand","embeddable":true,"href":"https:\/\/dxncanada.ca\/fr\/wp-json\/wp\/v2\/product_brand?post=5603"},{"taxonomy":"product_cat","embeddable":true,"href":"https:\/\/dxncanada.ca\/fr\/wp-json\/wp\/v2\/product_cat?post=5603"},{"taxonomy":"product_tag","embeddable":true,"href":"https:\/\/dxncanada.ca\/fr\/wp-json\/wp\/v2\/product_tag?post=5603"}],"curies":[{"name":"wp","href":"https:\/\/api.w.org\/{rel}","templated":true}]}}