{"id":5605,"date":"2025-06-20T15:32:38","date_gmt":"2025-06-20T15:32:38","guid":{"rendered":"https:\/\/dxncanada.ca\/staging\/6853\/?post_type=product&#038;p=5605"},"modified":"2026-04-01T14:01:29","modified_gmt":"2026-04-01T14:01:29","slug":"lingzhi-black-coffee","status":"publish","type":"product","link":"https:\/\/dxncanada.ca\/fr\/produit\/lingzhi-black-coffee\/","title":{"rendered":"Lingzhi Caf\u00e9 Noir"},"content":{"rendered":"<p>DXN Lingzhi est un caf\u00e9 noir avec une fusion de haute qualit\u00e9 de caf\u00e9 et de pur extrait de Ganoderma. La forte saveur avec un riche ar\u00f4me va vous r\u00e9veiller vos sens. Pas de sucre ajout\u00e9.<\/p>\n<p>Taille d\u2019emballage : 20 sachets x 4.5 g<\/p>","protected":false},"excerpt":{"rendered":"<p>Taille d\u2019emballage : 20 sachets x 4.5 g<\/p>","protected":false},"featured_media":5186,"comment_status":"open","ping_status":"closed","template":"","meta":{"nf_dc_page":""},"product_brand":[],"product_cat":[58],"product_tag":[],"class_list":{"0":"post-5605","1":"product","2":"type-product","3":"status-publish","4":"has-post-thumbnail","6":"product_cat-food-beverages","8":"first","9":"instock","10":"taxable","11":"shipping-taxable","12":"purchasable","13":"product-type-simple"},"_links":{"self":[{"href":"https:\/\/dxncanada.ca\/fr\/wp-json\/wp\/v2\/product\/5605","targetHints":{"allow":["GET"]}}],"collection":[{"href":"https:\/\/dxncanada.ca\/fr\/wp-json\/wp\/v2\/product"}],"about":[{"href":"https:\/\/dxncanada.ca\/fr\/wp-json\/wp\/v2\/types\/product"}],"replies":[{"embeddable":true,"href":"https:\/\/dxncanada.ca\/fr\/wp-json\/wp\/v2\/comments?post=5605"}],"wp:featuredmedia":[{"embeddable":true,"href":"https:\/\/dxncanada.ca\/fr\/wp-json\/wp\/v2\/media\/5186"}],"wp:attachment":[{"href":"https:\/\/dxncanada.ca\/fr\/wp-json\/wp\/v2\/media?parent=5605"}],"wp:term":[{"taxonomy":"product_brand","embeddable":true,"href":"https:\/\/dxncanada.ca\/fr\/wp-json\/wp\/v2\/product_brand?post=5605"},{"taxonomy":"product_cat","embeddable":true,"href":"https:\/\/dxncanada.ca\/fr\/wp-json\/wp\/v2\/product_cat?post=5605"},{"taxonomy":"product_tag","embeddable":true,"href":"https:\/\/dxncanada.ca\/fr\/wp-json\/wp\/v2\/product_tag?post=5605"}],"curies":[{"name":"wp","href":"https:\/\/api.w.org\/{rel}","templated":true}]}}