{"id":5609,"date":"2025-06-20T15:45:08","date_gmt":"2025-06-20T15:45:08","guid":{"rendered":"https:\/\/dxncanada.ca\/staging\/6853\/?post_type=product&#038;p=5609"},"modified":"2026-03-31T17:34:50","modified_gmt":"2026-03-31T17:34:50","slug":"reishi-gano-tea","status":"publish","type":"product","link":"https:\/\/dxncanada.ca\/fr\/produit\/reishi-gano-tea\/","title":{"rendered":"Th\u00e9 de Reishi Gano"},"content":{"rendered":"<p>Le th\u00e9 de Reishi Gano \u00e0 DXN est un th\u00e9 robuste et satisfaisant, leurs feuilles sont s\u00e9lect\u00e9es de Camellia Sinensis et infus\u00e9es avec d\u2019haute qualit\u00e9 de Ganoderma. Cette unique combinaison travaille en synergie pour revigorer votre corps et votre esprit. Le th\u00e9 de Reishi Gano vous donne de bons bienfaits sur la sant\u00e9 avec les antioxydants naturels, et en m\u00eame temps vous pouvez aimer le go\u00fbt exceptionnel, une couleur riche dor\u00e9e, et les ar\u00f4mes charmants.<\/p>\n<p>Taille d\u2019emballage : 20 sachets x 2 g<\/p>","protected":false},"excerpt":{"rendered":"<p>&nbsp;<\/p>\n<ul>\n<li data-start=\"77\" data-end=\"110\">\n<p data-start=\"79\" data-end=\"110\">Contains natural antioxidants<\/p>\n<\/li>\n<li data-start=\"111\" data-end=\"137\">\n<p data-start=\"113\" data-end=\"137\">Supports immune health<\/p>\n<\/li>\n<li data-start=\"138\" data-end=\"165\">\n<p data-start=\"140\" data-end=\"165\">Enhances mental clarity<\/p>\n<\/li>\n<li data-start=\"166\" data-end=\"196\">\n<p data-start=\"168\" data-end=\"196\">Boosts energy and vitality<\/p>\n<\/li>\n<li data-start=\"197\" data-end=\"226\">\n<p data-start=\"199\" data-end=\"226\">Helps with detoxification<\/p>\n<\/li>\n<li data-start=\"227\" data-end=\"268\" data-is-last-node=\"\">\n<p data-start=\"229\" data-end=\"268\" data-is-last-node=\"\">Rich, smooth flavour with calming aroma<\/p>\n<\/li>\n<\/ul>\n<p>&nbsp;<\/p>\n<p>Taille d\u2019emballage : 20 sachets x 2 g<\/p>","protected":false},"featured_media":5189,"comment_status":"open","ping_status":"closed","template":"","meta":{"nf_dc_page":""},"product_brand":[],"product_cat":[58],"product_tag":[],"class_list":{"0":"post-5609","1":"product","2":"type-product","3":"status-publish","4":"has-post-thumbnail","6":"product_cat-food-beverages","8":"first","9":"instock","10":"taxable","11":"shipping-taxable","12":"purchasable","13":"product-type-simple"},"_links":{"self":[{"href":"https:\/\/dxncanada.ca\/fr\/wp-json\/wp\/v2\/product\/5609","targetHints":{"allow":["GET"]}}],"collection":[{"href":"https:\/\/dxncanada.ca\/fr\/wp-json\/wp\/v2\/product"}],"about":[{"href":"https:\/\/dxncanada.ca\/fr\/wp-json\/wp\/v2\/types\/product"}],"replies":[{"embeddable":true,"href":"https:\/\/dxncanada.ca\/fr\/wp-json\/wp\/v2\/comments?post=5609"}],"wp:featuredmedia":[{"embeddable":true,"href":"https:\/\/dxncanada.ca\/fr\/wp-json\/wp\/v2\/media\/5189"}],"wp:attachment":[{"href":"https:\/\/dxncanada.ca\/fr\/wp-json\/wp\/v2\/media?parent=5609"}],"wp:term":[{"taxonomy":"product_brand","embeddable":true,"href":"https:\/\/dxncanada.ca\/fr\/wp-json\/wp\/v2\/product_brand?post=5609"},{"taxonomy":"product_cat","embeddable":true,"href":"https:\/\/dxncanada.ca\/fr\/wp-json\/wp\/v2\/product_cat?post=5609"},{"taxonomy":"product_tag","embeddable":true,"href":"https:\/\/dxncanada.ca\/fr\/wp-json\/wp\/v2\/product_tag?post=5609"}],"curies":[{"name":"wp","href":"https:\/\/api.w.org\/{rel}","templated":true}]}}