{"id":5611,"date":"2025-06-20T15:58:02","date_gmt":"2025-06-20T15:58:02","guid":{"rendered":"https:\/\/dxncanada.ca\/staging\/6853\/?post_type=product&#038;p=5611"},"modified":"2026-03-31T17:33:38","modified_gmt":"2026-03-31T17:33:38","slug":"spica-tea","status":"publish","type":"product","link":"https:\/\/dxncanada.ca\/fr\/produit\/spica-tea\/","title":{"rendered":"Th\u00e9 de Spica"},"content":{"rendered":"<p>Le th\u00e9 de Spica est riche en ingr\u00e9dients naturels et avec d\u2019haute qualit\u00e9 de Hanoderma,\u00a0<i>Spica prunelle, Pericarpium citri reticulatae,\u00a0<\/i>Herba menthae<i>\u00a0and Radix glycyrrhizae.<\/i>\u00a0C\u2019est une l\u00e9g\u00e8re et d\u00e9caf\u00e9in\u00e9e boisson emball\u00e9e avec des go\u00fbts et des avantages pour votre sant\u00e9, qui aide au le calme du corps, de l\u2019esprit et des sens. D\u00e9tendez-vous et buvez le th\u00e9 de Spica qui est parfait pour votre moment tranquille.<\/p>\n<p>Taille d\u2019emballage : 20 sachets x 5 g<\/p>","protected":false},"excerpt":{"rendered":"<ul>\n<li data-start=\"685\" data-end=\"715\">\n<p data-start=\"687\" data-end=\"715\">Caffeine-free herbal blend<\/p>\n<\/li>\n<li data-start=\"716\" data-end=\"766\">\n<p data-start=\"718\" data-end=\"766\">Contains Ganoderma and other traditional herbs<\/p>\n<\/li>\n<li data-start=\"767\" data-end=\"803\">\n<p data-start=\"769\" data-end=\"803\">Promotes relaxation and calmness<\/p>\n<\/li>\n<li data-start=\"804\" data-end=\"835\">\n<p data-start=\"806\" data-end=\"835\">Mild and gentle on the body<\/p>\n<\/li>\n<li data-start=\"836\" data-end=\"871\">\n<p data-start=\"838\" data-end=\"871\">Refreshing and soothing flavour<\/p>\n<\/li>\n<li data-start=\"872\" data-end=\"908\">\n<p data-start=\"874\" data-end=\"908\">Ideal for quiet, mindful moments<\/p>\n<\/li>\n<\/ul>\n<p>&nbsp;<\/p>\n<p>Packaging Size: 20 sachet x 5g<\/p>\n<p>&nbsp;<\/p>","protected":false},"featured_media":5979,"comment_status":"open","ping_status":"closed","template":"","meta":{"nf_dc_page":""},"product_brand":[],"product_cat":[58],"product_tag":[],"class_list":{"0":"post-5611","1":"product","2":"type-product","3":"status-publish","4":"has-post-thumbnail","6":"product_cat-food-beverages","8":"first","9":"instock","10":"taxable","11":"shipping-taxable","12":"purchasable","13":"product-type-simple"},"_links":{"self":[{"href":"https:\/\/dxncanada.ca\/fr\/wp-json\/wp\/v2\/product\/5611","targetHints":{"allow":["GET"]}}],"collection":[{"href":"https:\/\/dxncanada.ca\/fr\/wp-json\/wp\/v2\/product"}],"about":[{"href":"https:\/\/dxncanada.ca\/fr\/wp-json\/wp\/v2\/types\/product"}],"replies":[{"embeddable":true,"href":"https:\/\/dxncanada.ca\/fr\/wp-json\/wp\/v2\/comments?post=5611"}],"wp:featuredmedia":[{"embeddable":true,"href":"https:\/\/dxncanada.ca\/fr\/wp-json\/wp\/v2\/media\/5979"}],"wp:attachment":[{"href":"https:\/\/dxncanada.ca\/fr\/wp-json\/wp\/v2\/media?parent=5611"}],"wp:term":[{"taxonomy":"product_brand","embeddable":true,"href":"https:\/\/dxncanada.ca\/fr\/wp-json\/wp\/v2\/product_brand?post=5611"},{"taxonomy":"product_cat","embeddable":true,"href":"https:\/\/dxncanada.ca\/fr\/wp-json\/wp\/v2\/product_cat?post=5611"},{"taxonomy":"product_tag","embeddable":true,"href":"https:\/\/dxncanada.ca\/fr\/wp-json\/wp\/v2\/product_tag?post=5611"}],"curies":[{"name":"wp","href":"https:\/\/api.w.org\/{rel}","templated":true}]}}