{"id":5612,"date":"2025-06-20T16:05:23","date_gmt":"2025-06-20T16:05:23","guid":{"rendered":"https:\/\/dxncanada.ca\/staging\/6853\/?post_type=product&#038;p=5612"},"modified":"2026-03-31T17:32:02","modified_gmt":"2026-03-31T17:32:02","slug":"vita-cafe","status":"publish","type":"product","link":"https:\/\/dxncanada.ca\/fr\/produit\/vita-cafe\/","title":{"rendered":"Caf\u00e9 Vita"},"content":{"rendered":"<p>Un caf\u00e9 exclusif et 6-en-1 qui a un m\u00e9lange unique et d\u2019haute qualit\u00e9 des grains de caf\u00e9, Ginseng et Tongkat Ali\u00a0<i>(Eurycoma longifolia jack)<\/i>\u00a0en poudre avec l\u2019extrait de Ganoderma. Le caf\u00e9 Vita de DXN de pointe \u00ab caf\u00e9-super \u00bb est formul\u00e9 avec une combinaison d\u2019une force supr\u00eame de Ginseng, l\u2019\u00e9lixir de vie, Tongkat Ali, un tonique de vitalit\u00e9, et Ganoderma qui est connu comme le roi d\u2019herbe. Obtenir votre remontant aujourd\u2019hui!<\/p>\n<p>This product contains dairy creamer.<\/p>\n<p>Taille d\u2019emballage : 20 sachets x 21 g<\/p>","protected":false},"excerpt":{"rendered":"<ul>\n<li data-start=\"740\" data-end=\"771\">\n<p data-start=\"742\" data-end=\"771\">6-in-1 premium coffee blend<\/p>\n<\/li>\n<li data-start=\"772\" data-end=\"820\">\n<p data-start=\"774\" data-end=\"820\">Contains Ginseng, Tongkat Ali, and Ganoderma<\/p>\n<\/li>\n<li data-start=\"821\" data-end=\"861\">\n<p data-start=\"823\" data-end=\"861\">Supports natural energy and vitality<\/p>\n<\/li>\n<li data-start=\"862\" data-end=\"906\">\n<p data-start=\"864\" data-end=\"906\">Enhances mental and physical performance<\/p>\n<\/li>\n<li data-start=\"907\" data-end=\"950\">\n<p data-start=\"909\" data-end=\"950\">Rich, smooth taste with herbal benefits<\/p>\n<\/li>\n<li data-start=\"951\" data-end=\"991\">\n<p data-start=\"953\" data-end=\"991\">Ideal for daily wellness and stamina<\/p>\n<\/li>\n<\/ul>\n<p>&nbsp;<\/p>\n<p>This product contains dairy creamer.<\/p>\n<p>Taille d\u2019emballage : 20 sachets x 21 g<\/p>","protected":false},"featured_media":5192,"comment_status":"open","ping_status":"closed","template":"","meta":{"nf_dc_page":""},"product_brand":[],"product_cat":[58],"product_tag":[],"class_list":{"0":"post-5612","1":"product","2":"type-product","3":"status-publish","4":"has-post-thumbnail","6":"product_cat-food-beverages","8":"first","9":"instock","10":"taxable","11":"shipping-taxable","12":"purchasable","13":"product-type-simple"},"_links":{"self":[{"href":"https:\/\/dxncanada.ca\/fr\/wp-json\/wp\/v2\/product\/5612","targetHints":{"allow":["GET"]}}],"collection":[{"href":"https:\/\/dxncanada.ca\/fr\/wp-json\/wp\/v2\/product"}],"about":[{"href":"https:\/\/dxncanada.ca\/fr\/wp-json\/wp\/v2\/types\/product"}],"replies":[{"embeddable":true,"href":"https:\/\/dxncanada.ca\/fr\/wp-json\/wp\/v2\/comments?post=5612"}],"wp:featuredmedia":[{"embeddable":true,"href":"https:\/\/dxncanada.ca\/fr\/wp-json\/wp\/v2\/media\/5192"}],"wp:attachment":[{"href":"https:\/\/dxncanada.ca\/fr\/wp-json\/wp\/v2\/media?parent=5612"}],"wp:term":[{"taxonomy":"product_brand","embeddable":true,"href":"https:\/\/dxncanada.ca\/fr\/wp-json\/wp\/v2\/product_brand?post=5612"},{"taxonomy":"product_cat","embeddable":true,"href":"https:\/\/dxncanada.ca\/fr\/wp-json\/wp\/v2\/product_cat?post=5612"},{"taxonomy":"product_tag","embeddable":true,"href":"https:\/\/dxncanada.ca\/fr\/wp-json\/wp\/v2\/product_tag?post=5612"}],"curies":[{"name":"wp","href":"https:\/\/api.w.org\/{rel}","templated":true}]}}