{"id":5619,"date":"2025-06-20T16:25:26","date_gmt":"2025-06-20T16:25:26","guid":{"rendered":"https:\/\/dxncanada.ca\/staging\/6853\/?post_type=product&#038;p=5619"},"modified":"2026-03-31T17:26:17","modified_gmt":"2026-03-31T17:26:17","slug":"morinzhi","status":"publish","type":"product","link":"https:\/\/dxncanada.ca\/fr\/produit\/morinzhi\/","title":{"rendered":"DXN Morinzhi"},"content":{"rendered":"<p>La formulation vient sp\u00e9cialement du fruit Noni et est m\u00e9lang\u00e9e avec Roselle, qui est enrichie avec les antioxydants et une vari\u00e9t\u00e9 de vitamines. Le jus de Noni est cru, d\u2019avoir des interactions avec le syst\u00e8me immunitaire et le chemin d\u2019inflammation qui peut avoir des bienfaits sur la sant\u00e9.<\/p>\n<p>Taille d\u2019emballage : 285 ml par bouteille<\/p>","protected":false},"excerpt":{"rendered":"<ul>\n<li data-start=\"137\" data-end=\"195\">\n<p data-start=\"139\" data-end=\"195\">Made from high-quality Noni fruit blended with Roselle<\/p>\n<\/li>\n<li data-start=\"196\" data-end=\"243\">\n<p data-start=\"198\" data-end=\"243\">Rich in antioxidants and essential vitamins<\/p>\n<\/li>\n<li data-start=\"244\" data-end=\"274\">\n<p data-start=\"246\" data-end=\"274\">Supports the immune system<\/p>\n<\/li>\n<li data-start=\"275\" data-end=\"334\">\n<p data-start=\"277\" data-end=\"334\">May help reduce inflammation and improve overall wellness<\/p>\n<\/li>\n<\/ul>\n<p>&nbsp;<\/p>\n<p>Taille d\u2019emballage : 285 ml par bouteille<\/p>","protected":false},"featured_media":5187,"comment_status":"open","ping_status":"closed","template":"","meta":{"nf_dc_page":""},"product_brand":[],"product_cat":[58],"product_tag":[],"class_list":{"0":"post-5619","1":"product","2":"type-product","3":"status-publish","4":"has-post-thumbnail","6":"product_cat-food-beverages","8":"first","9":"instock","10":"taxable","11":"shipping-taxable","12":"purchasable","13":"product-type-simple"},"_links":{"self":[{"href":"https:\/\/dxncanada.ca\/fr\/wp-json\/wp\/v2\/product\/5619","targetHints":{"allow":["GET"]}}],"collection":[{"href":"https:\/\/dxncanada.ca\/fr\/wp-json\/wp\/v2\/product"}],"about":[{"href":"https:\/\/dxncanada.ca\/fr\/wp-json\/wp\/v2\/types\/product"}],"replies":[{"embeddable":true,"href":"https:\/\/dxncanada.ca\/fr\/wp-json\/wp\/v2\/comments?post=5619"}],"wp:featuredmedia":[{"embeddable":true,"href":"https:\/\/dxncanada.ca\/fr\/wp-json\/wp\/v2\/media\/5187"}],"wp:attachment":[{"href":"https:\/\/dxncanada.ca\/fr\/wp-json\/wp\/v2\/media?parent=5619"}],"wp:term":[{"taxonomy":"product_brand","embeddable":true,"href":"https:\/\/dxncanada.ca\/fr\/wp-json\/wp\/v2\/product_brand?post=5619"},{"taxonomy":"product_cat","embeddable":true,"href":"https:\/\/dxncanada.ca\/fr\/wp-json\/wp\/v2\/product_cat?post=5619"},{"taxonomy":"product_tag","embeddable":true,"href":"https:\/\/dxncanada.ca\/fr\/wp-json\/wp\/v2\/product_tag?post=5619"}],"curies":[{"name":"wp","href":"https:\/\/api.w.org\/{rel}","templated":true}]}}