{"id":5620,"date":"2025-06-20T16:27:42","date_gmt":"2025-06-20T16:27:42","guid":{"rendered":"https:\/\/dxncanada.ca\/staging\/6853\/?post_type=product&#038;p=5620"},"modified":"2026-03-31T17:25:25","modified_gmt":"2026-03-31T17:25:25","slug":"dxn-morinzyme","status":"publish","type":"product","link":"https:\/\/dxncanada.ca\/fr\/produit\/dxn-morinzyme\/","title":{"rendered":"DXN Morinzyme"},"content":{"rendered":"<p>Un concentr\u00e9 ferment\u00e9 du jus de Noni, DXN Morinzyme est emball\u00e9 avec les enzymes naturelles qui pr\u00e9servent les nutriments essentiels. Ce jus am\u00e9liore la digestion, stimule votre m\u00e9tabolisme et augmente l'absorption des nutriments dans votre corps.<\/p>\n<p>Taille d\u2019emballage : 285 ml par bouteille<\/p>","protected":false},"excerpt":{"rendered":"<ul>\n<li data-start=\"123\" data-end=\"172\">\n<p data-start=\"125\" data-end=\"172\">Concentrated fermentation of Noni fruit juice<\/p>\n<\/li>\n<li data-start=\"173\" data-end=\"224\">\n<p data-start=\"175\" data-end=\"224\">Rich in natural enzymes and essential nutrients<\/p>\n<\/li>\n<li data-start=\"225\" data-end=\"270\">\n<p data-start=\"227\" data-end=\"270\">Supports healthy digestion and metabolism<\/p>\n<\/li>\n<li data-start=\"271\" data-end=\"327\">\n<p data-start=\"273\" data-end=\"327\">Helps improve nutrient absorption and overall wellness<\/p>\n<\/li>\n<\/ul>\n<p>&nbsp;<\/p>\n<p>Taille d\u2019emballage : 285 ml par bouteille<\/p>","protected":false},"featured_media":5188,"comment_status":"open","ping_status":"closed","template":"","meta":{"nf_dc_page":""},"product_brand":[],"product_cat":[58],"product_tag":[],"class_list":{"0":"post-5620","1":"product","2":"type-product","3":"status-publish","4":"has-post-thumbnail","6":"product_cat-food-beverages","8":"first","9":"instock","10":"taxable","11":"shipping-taxable","12":"purchasable","13":"product-type-simple"},"_links":{"self":[{"href":"https:\/\/dxncanada.ca\/fr\/wp-json\/wp\/v2\/product\/5620","targetHints":{"allow":["GET"]}}],"collection":[{"href":"https:\/\/dxncanada.ca\/fr\/wp-json\/wp\/v2\/product"}],"about":[{"href":"https:\/\/dxncanada.ca\/fr\/wp-json\/wp\/v2\/types\/product"}],"replies":[{"embeddable":true,"href":"https:\/\/dxncanada.ca\/fr\/wp-json\/wp\/v2\/comments?post=5620"}],"wp:featuredmedia":[{"embeddable":true,"href":"https:\/\/dxncanada.ca\/fr\/wp-json\/wp\/v2\/media\/5188"}],"wp:attachment":[{"href":"https:\/\/dxncanada.ca\/fr\/wp-json\/wp\/v2\/media?parent=5620"}],"wp:term":[{"taxonomy":"product_brand","embeddable":true,"href":"https:\/\/dxncanada.ca\/fr\/wp-json\/wp\/v2\/product_brand?post=5620"},{"taxonomy":"product_cat","embeddable":true,"href":"https:\/\/dxncanada.ca\/fr\/wp-json\/wp\/v2\/product_cat?post=5620"},{"taxonomy":"product_tag","embeddable":true,"href":"https:\/\/dxncanada.ca\/fr\/wp-json\/wp\/v2\/product_tag?post=5620"}],"curies":[{"name":"wp","href":"https:\/\/api.w.org\/{rel}","templated":true}]}}