{"id":5622,"date":"2025-06-20T16:32:52","date_gmt":"2025-06-20T16:32:52","guid":{"rendered":"https:\/\/dxncanada.ca\/staging\/6853\/?post_type=product&#038;p=5622"},"modified":"2026-03-31T17:24:09","modified_gmt":"2026-03-31T17:24:09","slug":"ganozhi-soap","status":"publish","type":"product","link":"https:\/\/dxncanada.ca\/fr\/produit\/ganozhi-soap\/","title":{"rendered":"Le savon Ganozhi"},"content":{"rendered":"<p>Le savon Ganozhi est formul\u00e9 et enrichi avec l\u2019extrait de Ganoderma et l'huile de palme. Le savon nettoie la peau avec douceur et aide \u00e0 pr\u00e9server les huiles naturelles de la peau, sans dommages \u00e0 la structure de la peau. L\u2019huile de palme est enrichie avec la vitamine E et les agents antioxydants qui aident \u00e0 revitaliser votre peau. Le savon Ganozhi aide \u00e0 faire votre peau d\u2019\u00eatre lisse et mou. Meilleur usage pour : acn\u00e9, bouton, gras et sec, visage et ride.<\/p>","protected":false},"excerpt":{"rendered":"<ul>\n<li data-start=\"129\" data-end=\"177\">\n<p data-start=\"131\" data-end=\"177\">Enriched with Ganoderma extract and palm oil<\/p>\n<\/li>\n<li data-start=\"178\" data-end=\"233\">\n<p data-start=\"180\" data-end=\"233\">Gently cleanses without stripping natural skin oils<\/p>\n<\/li>\n<li data-start=\"234\" data-end=\"297\">\n<p data-start=\"236\" data-end=\"297\">Contains vitamin E and antioxidants for skin revitalization<\/p>\n<\/li>\n<li data-start=\"298\" data-end=\"350\">\n<p data-start=\"300\" data-end=\"350\">Leaves skin smoother, softer, and well-nourished<\/p>\n<\/li>\n<li data-start=\"351\" data-end=\"414\">\n<p data-start=\"353\" data-end=\"414\">Recommended for acne, pimples, oily or dry skin, and wrinkles<\/p>\n<\/li>\n<\/ul>","protected":false},"featured_media":5739,"comment_status":"open","ping_status":"closed","template":"","meta":{"nf_dc_page":""},"product_brand":[],"product_cat":[28],"product_tag":[],"class_list":{"0":"post-5622","1":"product","2":"type-product","3":"status-publish","4":"has-post-thumbnail","6":"product_cat-supplements","8":"first","9":"instock","10":"taxable","11":"shipping-taxable","12":"purchasable","13":"product-type-simple"},"_links":{"self":[{"href":"https:\/\/dxncanada.ca\/fr\/wp-json\/wp\/v2\/product\/5622","targetHints":{"allow":["GET"]}}],"collection":[{"href":"https:\/\/dxncanada.ca\/fr\/wp-json\/wp\/v2\/product"}],"about":[{"href":"https:\/\/dxncanada.ca\/fr\/wp-json\/wp\/v2\/types\/product"}],"replies":[{"embeddable":true,"href":"https:\/\/dxncanada.ca\/fr\/wp-json\/wp\/v2\/comments?post=5622"}],"wp:featuredmedia":[{"embeddable":true,"href":"https:\/\/dxncanada.ca\/fr\/wp-json\/wp\/v2\/media\/5739"}],"wp:attachment":[{"href":"https:\/\/dxncanada.ca\/fr\/wp-json\/wp\/v2\/media?parent=5622"}],"wp:term":[{"taxonomy":"product_brand","embeddable":true,"href":"https:\/\/dxncanada.ca\/fr\/wp-json\/wp\/v2\/product_brand?post=5622"},{"taxonomy":"product_cat","embeddable":true,"href":"https:\/\/dxncanada.ca\/fr\/wp-json\/wp\/v2\/product_cat?post=5622"},{"taxonomy":"product_tag","embeddable":true,"href":"https:\/\/dxncanada.ca\/fr\/wp-json\/wp\/v2\/product_tag?post=5622"}],"curies":[{"name":"wp","href":"https:\/\/api.w.org\/{rel}","templated":true}]}}