{"id":5623,"date":"2025-06-20T16:35:57","date_gmt":"2025-06-20T16:35:57","guid":{"rendered":"https:\/\/dxncanada.ca\/staging\/6853\/?post_type=product&#038;p=5623"},"modified":"2026-03-31T17:23:16","modified_gmt":"2026-03-31T17:23:16","slug":"ganozhi-shampoo","status":"publish","type":"product","link":"https:\/\/dxncanada.ca\/fr\/produit\/ganozhi-shampoo\/","title":{"rendered":"Shampoing Ganozhi"},"content":{"rendered":"<p>Le shampoing Ganozhi de DXN a un \u00e9quilibre pH qui est bon pour tous les diff\u00e9rents types de cheveux. Cette enrichie avec l\u2019extrait de Ganoderma et la vitamine B5. Le shampoing de DXN est l\u00e9ger et aide \u00e0 faire les cheveux en meilleure sant\u00e9, mous et brillants.<\/p>\n<p>Cheveux normaux : utilis\u00e9s r\u00e9guli\u00e8rement pour avoir les cheveux en meilleure sant\u00e9, mous et brillants. Chute de cheveux : massez le cuir chevelu avec le shampoing. Laisser pour 15 minutes et rincer minutieusement avec l\u2019eau. Pas besoin d\u2019utiliser l\u2019apr\u00e8s-shampooing.<\/p>","protected":false},"excerpt":{"rendered":"<ul>\n<li data-start=\"127\" data-end=\"178\">\n<p data-start=\"129\" data-end=\"178\">pH-balanced formula suitable for all hair types<\/p>\n<\/li>\n<li data-start=\"179\" data-end=\"229\">\n<p data-start=\"181\" data-end=\"229\">Enriched with Ganoderma extract and vitamin B5<\/p>\n<\/li>\n<li data-start=\"230\" data-end=\"297\">\n<p data-start=\"232\" data-end=\"297\">Gently cleanses while promoting softer, shinier, healthier hair<\/p>\n<\/li>\n<li data-start=\"298\" data-end=\"336\">\n<p data-start=\"300\" data-end=\"336\">Ideal for daily use on normal hair<\/p>\n<\/li>\n<li data-start=\"337\" data-end=\"438\">\n<p data-start=\"339\" data-end=\"438\">For hair fall and dandruff<\/p>\n<\/li>\n<\/ul>","protected":false},"featured_media":5176,"comment_status":"open","ping_status":"closed","template":"","meta":{"nf_dc_page":""},"product_brand":[],"product_cat":[28],"product_tag":[],"class_list":{"0":"post-5623","1":"product","2":"type-product","3":"status-publish","4":"has-post-thumbnail","6":"product_cat-supplements","8":"first","9":"instock","10":"taxable","11":"shipping-taxable","12":"purchasable","13":"product-type-simple"},"_links":{"self":[{"href":"https:\/\/dxncanada.ca\/fr\/wp-json\/wp\/v2\/product\/5623","targetHints":{"allow":["GET"]}}],"collection":[{"href":"https:\/\/dxncanada.ca\/fr\/wp-json\/wp\/v2\/product"}],"about":[{"href":"https:\/\/dxncanada.ca\/fr\/wp-json\/wp\/v2\/types\/product"}],"replies":[{"embeddable":true,"href":"https:\/\/dxncanada.ca\/fr\/wp-json\/wp\/v2\/comments?post=5623"}],"wp:featuredmedia":[{"embeddable":true,"href":"https:\/\/dxncanada.ca\/fr\/wp-json\/wp\/v2\/media\/5176"}],"wp:attachment":[{"href":"https:\/\/dxncanada.ca\/fr\/wp-json\/wp\/v2\/media?parent=5623"}],"wp:term":[{"taxonomy":"product_brand","embeddable":true,"href":"https:\/\/dxncanada.ca\/fr\/wp-json\/wp\/v2\/product_brand?post=5623"},{"taxonomy":"product_cat","embeddable":true,"href":"https:\/\/dxncanada.ca\/fr\/wp-json\/wp\/v2\/product_cat?post=5623"},{"taxonomy":"product_tag","embeddable":true,"href":"https:\/\/dxncanada.ca\/fr\/wp-json\/wp\/v2\/product_tag?post=5623"}],"curies":[{"name":"wp","href":"https:\/\/api.w.org\/{rel}","templated":true}]}}