{"id":5626,"date":"2025-06-20T16:40:38","date_gmt":"2025-06-20T16:40:38","guid":{"rendered":"https:\/\/dxncanada.ca\/staging\/6853\/?post_type=product&#038;p=5626"},"modified":"2026-01-08T14:34:40","modified_gmt":"2026-01-08T14:34:40","slug":"ganozhi-toner","status":"publish","type":"product","link":"https:\/\/dxncanada.ca\/fr\/produit\/ganozhi-toner\/","title":{"rendered":"Lotion tonifiante de Ganozhi"},"content":{"rendered":"<p>Une lotion tonifiante efficace et formul\u00e9e pour r\u00e9duire les pores et en m\u00eame temps laisser votre peau moue et hydrat\u00e9e. C\u2019est fait de la qualit\u00e9 prime de l\u2019extrait Ganoderma, de l'extrait Fagus sylvatica, de l'allanto\u00efne et de la propolis cera. La lotion tonifiante Ganozhi \u00e9quilibre le pH de votre peau et pr\u00e9pare votre peau pour les \u00e9tapes suivantes comme la cr\u00e8me hydrante.<\/p>\n<p>Taille d\u2019emballage : 150 ml bouteille<\/p>","protected":false},"excerpt":{"rendered":"<ul>\n<li data-start=\"95\" data-end=\"139\">\n<p data-start=\"97\" data-end=\"139\">Minimizes skin pores and refines texture<\/p>\n<\/li>\n<li data-start=\"140\" data-end=\"184\">\n<p data-start=\"142\" data-end=\"184\">Leaves skin soft, hydrated, and balanced<\/p>\n<\/li>\n<li data-start=\"185\" data-end=\"270\">\n<p data-start=\"187\" data-end=\"270\">Contains Ganoderma extract, Fagus sylvatica extract, allantoin, and propolis cera<\/p>\n<\/li>\n<li data-start=\"271\" data-end=\"321\">\n<p data-start=\"273\" data-end=\"321\">Balances skin pH and preps skin for moisturizing<\/p>\n<\/li>\n<\/ul>","protected":false},"featured_media":5178,"comment_status":"open","ping_status":"closed","template":"","meta":{"nf_dc_page":""},"product_brand":[],"product_cat":[28],"product_tag":[],"class_list":{"0":"post-5626","1":"product","2":"type-product","3":"status-publish","4":"has-post-thumbnail","6":"product_cat-supplements","8":"first","9":"outofstock","10":"taxable","11":"shipping-taxable","12":"purchasable","13":"product-type-simple"},"_links":{"self":[{"href":"https:\/\/dxncanada.ca\/fr\/wp-json\/wp\/v2\/product\/5626","targetHints":{"allow":["GET"]}}],"collection":[{"href":"https:\/\/dxncanada.ca\/fr\/wp-json\/wp\/v2\/product"}],"about":[{"href":"https:\/\/dxncanada.ca\/fr\/wp-json\/wp\/v2\/types\/product"}],"replies":[{"embeddable":true,"href":"https:\/\/dxncanada.ca\/fr\/wp-json\/wp\/v2\/comments?post=5626"}],"wp:featuredmedia":[{"embeddable":true,"href":"https:\/\/dxncanada.ca\/fr\/wp-json\/wp\/v2\/media\/5178"}],"wp:attachment":[{"href":"https:\/\/dxncanada.ca\/fr\/wp-json\/wp\/v2\/media?parent=5626"}],"wp:term":[{"taxonomy":"product_brand","embeddable":true,"href":"https:\/\/dxncanada.ca\/fr\/wp-json\/wp\/v2\/product_brand?post=5626"},{"taxonomy":"product_cat","embeddable":true,"href":"https:\/\/dxncanada.ca\/fr\/wp-json\/wp\/v2\/product_cat?post=5626"},{"taxonomy":"product_tag","embeddable":true,"href":"https:\/\/dxncanada.ca\/fr\/wp-json\/wp\/v2\/product_tag?post=5626"}],"curies":[{"name":"wp","href":"https:\/\/api.w.org\/{rel}","templated":true}]}}