{"id":5628,"date":"2025-06-20T16:44:30","date_gmt":"2025-06-20T16:44:30","guid":{"rendered":"https:\/\/dxncanada.ca\/staging\/6853\/?post_type=product&#038;p=5628"},"modified":"2026-03-31T17:12:06","modified_gmt":"2026-03-31T17:12:06","slug":"ganozhi-moisturizer","status":"publish","type":"product","link":"https:\/\/dxncanada.ca\/fr\/produit\/ganozhi-moisturizer\/","title":{"rendered":"Cr\u00e8me hydratante Ganozhi"},"content":{"rendered":"<p>La micro-\u00e9mulsion hydratante Ganozhi est une cr\u00e8me hydratante reconstituante qui est faite pour hydrater et nourrir votre peau. Avec la plus r\u00e9cente nanotechnologie, cette cr\u00e8me hydratante maximise l\u2019absorption. Avec les macrostructures mol\u00e9cules, \u00e7a perce la peau pour vous donner une hydratation longue dur\u00e9e. La micro-\u00e9mulsion hydratante Ganozhi est m\u00e9lang\u00e9e avec l\u2019extrait de Ganoderma, l\u2019extrait de Fagus sylvatica, l\u2019extrait de ginseng, l\u2019extrait d'arnica et la vitamine E pour une peau plus brillante.<\/p>\n<p>Taille d\u2019emballage : 50 ml bouteille<\/p>","protected":false},"excerpt":{"rendered":"<ul>\n<li data-start=\"147\" data-end=\"209\">\n<p data-start=\"149\" data-end=\"209\">Restorative moisturizer for deep hydration and nourishment<\/p>\n<\/li>\n<li data-start=\"210\" data-end=\"279\">\n<p data-start=\"212\" data-end=\"279\">Uses nanotechnology for fast absorption with nano-sized molecules<\/p>\n<\/li>\n<li data-start=\"280\" data-end=\"360\">\n<p data-start=\"282\" data-end=\"360\">Combines Ganoderma, Fagus Sylvatica, ginseng, arnica extracts, and Vitamin E<\/p>\n<\/li>\n<li data-start=\"361\" data-end=\"432\">\n<p data-start=\"363\" data-end=\"432\">Provides long-lasting hydration and promotes brighter, healthier skin<\/p>\n<\/li>\n<\/ul>","protected":false},"featured_media":5175,"comment_status":"open","ping_status":"closed","template":"","meta":{"nf_dc_page":""},"product_brand":[],"product_cat":[28],"product_tag":[],"class_list":{"0":"post-5628","1":"product","2":"type-product","3":"status-publish","4":"has-post-thumbnail","6":"product_cat-supplements","8":"first","9":"instock","10":"taxable","11":"shipping-taxable","12":"purchasable","13":"product-type-simple"},"_links":{"self":[{"href":"https:\/\/dxncanada.ca\/fr\/wp-json\/wp\/v2\/product\/5628","targetHints":{"allow":["GET"]}}],"collection":[{"href":"https:\/\/dxncanada.ca\/fr\/wp-json\/wp\/v2\/product"}],"about":[{"href":"https:\/\/dxncanada.ca\/fr\/wp-json\/wp\/v2\/types\/product"}],"replies":[{"embeddable":true,"href":"https:\/\/dxncanada.ca\/fr\/wp-json\/wp\/v2\/comments?post=5628"}],"wp:featuredmedia":[{"embeddable":true,"href":"https:\/\/dxncanada.ca\/fr\/wp-json\/wp\/v2\/media\/5175"}],"wp:attachment":[{"href":"https:\/\/dxncanada.ca\/fr\/wp-json\/wp\/v2\/media?parent=5628"}],"wp:term":[{"taxonomy":"product_brand","embeddable":true,"href":"https:\/\/dxncanada.ca\/fr\/wp-json\/wp\/v2\/product_brand?post=5628"},{"taxonomy":"product_cat","embeddable":true,"href":"https:\/\/dxncanada.ca\/fr\/wp-json\/wp\/v2\/product_cat?post=5628"},{"taxonomy":"product_tag","embeddable":true,"href":"https:\/\/dxncanada.ca\/fr\/wp-json\/wp\/v2\/product_tag?post=5628"}],"curies":[{"name":"wp","href":"https:\/\/api.w.org\/{rel}","templated":true}]}}