{"id":5629,"date":"2025-06-20T17:38:44","date_gmt":"2025-06-20T17:38:44","guid":{"rendered":"https:\/\/dxncanada.ca\/staging\/6853\/?post_type=product&#038;p=5629"},"modified":"2026-03-31T17:10:40","modified_gmt":"2026-03-31T17:10:40","slug":"ganozhi-toothpaste","status":"publish","type":"product","link":"https:\/\/dxncanada.ca\/fr\/produit\/ganozhi-toothpaste\/","title":{"rendered":"Dentifrice Ganozhi"},"content":{"rendered":"<p>La formulation sp\u00e9ciale du dentifrice contient de haute qualit\u00e9 de l\u2019extrait de Ganoderma et du menthol. Il n\u2019y a pas de couleur ou de saccharine. \u00c7a aide effectivement \u00e0 nettoyer votre dent et, en m\u00eame temps, vous laisse un go\u00fbt plaisant dans votre bouche.  Utiliser le dentifrice Ganozhi r\u00e9guli\u00e8rement pour prot\u00e9ger et maintenir votre dent.<\/p>\n<p>Taille d\u2019emballage : 150 g par tube<\/p>","protected":false},"excerpt":{"rendered":"<ul>\n<li data-start=\"125\" data-end=\"180\">\n<p data-start=\"127\" data-end=\"180\">Contains high-quality Ganoderma extract and menthol<\/p>\n<\/li>\n<li data-start=\"181\" data-end=\"228\">\n<p data-start=\"183\" data-end=\"228\">Free from saccharin and artificial coloring<\/p>\n<\/li>\n<li data-start=\"229\" data-end=\"285\">\n<p data-start=\"231\" data-end=\"285\">Gently cleanses teeth while leaving a pleasant taste<\/p>\n<\/li>\n<li data-start=\"286\" data-end=\"341\">\n<p data-start=\"288\" data-end=\"341\">Supports daily oral hygiene and long-term dental care<\/p>\n<\/li>\n<\/ul>","protected":false},"featured_media":5179,"comment_status":"open","ping_status":"closed","template":"","meta":{"nf_dc_page":""},"product_brand":[],"product_cat":[59],"product_tag":[],"class_list":{"0":"post-5629","1":"product","2":"type-product","3":"status-publish","4":"has-post-thumbnail","6":"product_cat-personal-care","8":"first","9":"instock","10":"taxable","11":"shipping-taxable","12":"purchasable","13":"product-type-simple"},"_links":{"self":[{"href":"https:\/\/dxncanada.ca\/fr\/wp-json\/wp\/v2\/product\/5629","targetHints":{"allow":["GET"]}}],"collection":[{"href":"https:\/\/dxncanada.ca\/fr\/wp-json\/wp\/v2\/product"}],"about":[{"href":"https:\/\/dxncanada.ca\/fr\/wp-json\/wp\/v2\/types\/product"}],"replies":[{"embeddable":true,"href":"https:\/\/dxncanada.ca\/fr\/wp-json\/wp\/v2\/comments?post=5629"}],"wp:featuredmedia":[{"embeddable":true,"href":"https:\/\/dxncanada.ca\/fr\/wp-json\/wp\/v2\/media\/5179"}],"wp:attachment":[{"href":"https:\/\/dxncanada.ca\/fr\/wp-json\/wp\/v2\/media?parent=5629"}],"wp:term":[{"taxonomy":"product_brand","embeddable":true,"href":"https:\/\/dxncanada.ca\/fr\/wp-json\/wp\/v2\/product_brand?post=5629"},{"taxonomy":"product_cat","embeddable":true,"href":"https:\/\/dxncanada.ca\/fr\/wp-json\/wp\/v2\/product_cat?post=5629"},{"taxonomy":"product_tag","embeddable":true,"href":"https:\/\/dxncanada.ca\/fr\/wp-json\/wp\/v2\/product_tag?post=5629"}],"curies":[{"name":"wp","href":"https:\/\/api.w.org\/{rel}","templated":true}]}}