{"id":5636,"date":"2025-06-20T17:48:44","date_gmt":"2025-06-20T17:48:44","guid":{"rendered":"https:\/\/dxncanada.ca\/staging\/6853\/?post_type=product&#038;p=5636"},"modified":"2026-04-01T14:10:44","modified_gmt":"2026-04-01T14:10:44","slug":"aquazeon-water-filter-system","status":"publish","type":"product","link":"https:\/\/dxncanada.ca\/fr\/produit\/aquazeon-water-filter-system\/","title":{"rendered":"Aquazon syst\u00e8me de filtration d\u2019eau"},"content":{"rendered":"<p><strong>Les caract\u00e9ristiques des cinq \u00e9tapes du syst\u00e8me de filtration d\u2019eau<br \/>\n<\/strong><\/p>\n<ul>\n<li>Doulton Sterasyl C\u00e9ramique<\/li>\n<li>Charbon actif<\/li>\n<li>Bioc\u00e9ramique, pierre min\u00e9rale et termoulin<\/li>\n<li>Granuleux charbon actif et balle ionique<\/li>\n<li>Magn\u00e9tiseur<\/li>\n<\/ul>","protected":false},"excerpt":{"rendered":"<p><strong>Les caract\u00e9ristiques des cinq \u00e9tapes du syst\u00e8me de filtration d\u2019eau<br \/>\n<\/strong><\/p>\n<ul>\n<li>Doulton Sterasyl C\u00e9ramique<\/li>\n<li>Charbon actif<\/li>\n<li>Bioc\u00e9ramique, pierre min\u00e9rale et termoulin<\/li>\n<li>Granuleux charbon actif et balle ionique<\/li>\n<li>Magn\u00e9tiseur<\/li>\n<\/ul>","protected":false},"featured_media":5193,"comment_status":"open","ping_status":"closed","template":"","meta":{"nf_dc_page":""},"product_brand":[],"product_cat":[60],"product_tag":[],"class_list":{"0":"post-5636","1":"product","2":"type-product","3":"status-publish","4":"has-post-thumbnail","6":"product_cat-aquazeon","8":"first","9":"instock","10":"taxable","11":"shipping-taxable","12":"purchasable","13":"product-type-simple"},"_links":{"self":[{"href":"https:\/\/dxncanada.ca\/fr\/wp-json\/wp\/v2\/product\/5636","targetHints":{"allow":["GET"]}}],"collection":[{"href":"https:\/\/dxncanada.ca\/fr\/wp-json\/wp\/v2\/product"}],"about":[{"href":"https:\/\/dxncanada.ca\/fr\/wp-json\/wp\/v2\/types\/product"}],"replies":[{"embeddable":true,"href":"https:\/\/dxncanada.ca\/fr\/wp-json\/wp\/v2\/comments?post=5636"}],"wp:featuredmedia":[{"embeddable":true,"href":"https:\/\/dxncanada.ca\/fr\/wp-json\/wp\/v2\/media\/5193"}],"wp:attachment":[{"href":"https:\/\/dxncanada.ca\/fr\/wp-json\/wp\/v2\/media?parent=5636"}],"wp:term":[{"taxonomy":"product_brand","embeddable":true,"href":"https:\/\/dxncanada.ca\/fr\/wp-json\/wp\/v2\/product_brand?post=5636"},{"taxonomy":"product_cat","embeddable":true,"href":"https:\/\/dxncanada.ca\/fr\/wp-json\/wp\/v2\/product_cat?post=5636"},{"taxonomy":"product_tag","embeddable":true,"href":"https:\/\/dxncanada.ca\/fr\/wp-json\/wp\/v2\/product_tag?post=5636"}],"curies":[{"name":"wp","href":"https:\/\/api.w.org\/{rel}","templated":true}]}}