{"id":5637,"date":"2025-06-20T18:06:32","date_gmt":"2025-06-20T18:06:32","guid":{"rendered":"https:\/\/dxncanada.ca\/staging\/6853\/?post_type=product&#038;p=5637"},"modified":"2025-06-27T20:37:14","modified_gmt":"2025-06-27T20:37:14","slug":"replacement-filter-a","status":"publish","type":"product","link":"https:\/\/dxncanada.ca\/fr\/produit\/replacement-filter-a\/","title":{"rendered":"Filtre de remplacement (A)"},"content":{"rendered":"<p><b>Doulton Sterasyl C\u00e9ramique<\/b><\/p>\n<p><b>\u00a0<\/b><b>Caract\u00e9ristique<\/b><\/p>\n<ul>\n<li>Une 0.9 microm\u00e8tre filtre en c\u00e9ramique qui est fait de tr\u00e8s comprim\u00e9s c\u00e9ramiques diatom\u00e9es f\u00e9cond\u00e9es avec l\u2019argent.<\/li>\n<li>Des complexes pores qui sont solidement contr\u00f4l\u00e9s avec hors pair des propri\u00e9t\u00e9s de filtration.<\/li>\n<li>Dur\u00e9e de vie : 1 an<\/li>\n<\/ul>\n<p><b>Fonction<\/b><\/p>\n<p>Enlever les solides, les produits chimiques organique, le sulfure d\u2019hydrog\u00e8ne, les kystes et les bact\u00e9ries pathog\u00e9niques comme typho\u00efde, chol\u00e9ra, schistosome et amibe.<\/p>","protected":false},"excerpt":{"rendered":"<p><b>Doulton Sterasyl C\u00e9ramique<\/b><\/p>\n<p><b>\u00a0<\/b><b>Caract\u00e9ristique<\/b><\/p>\n<ul>\n<li>Une 0.9 microm\u00e8tre filtre en c\u00e9ramique qui est fait de tr\u00e8s comprim\u00e9s c\u00e9ramiques diatom\u00e9es f\u00e9cond\u00e9es avec l\u2019argent.<\/li>\n<li>Des complexes pores qui sont solidement contr\u00f4l\u00e9s avec hors pair des propri\u00e9t\u00e9s de filtration.<\/li>\n<li>Dur\u00e9e de vie : 1 an<\/li>\n<\/ul>\n<p><b>Fonction<\/b><\/p>\n<p>Enlever les solides, les produits chimiques organique, le sulfure d\u2019hydrog\u00e8ne, les kystes et les bact\u00e9ries pathog\u00e9niques comme typho\u00efde, chol\u00e9ra, schistosome et amibe.<\/p>","protected":false},"featured_media":5194,"comment_status":"open","ping_status":"closed","template":"","meta":{"nf_dc_page":""},"product_brand":[],"product_cat":[60],"product_tag":[],"class_list":{"0":"post-5637","1":"product","2":"type-product","3":"status-publish","4":"has-post-thumbnail","6":"product_cat-aquazeon","8":"first","9":"instock","10":"taxable","11":"shipping-taxable","12":"purchasable","13":"product-type-simple"},"_links":{"self":[{"href":"https:\/\/dxncanada.ca\/fr\/wp-json\/wp\/v2\/product\/5637","targetHints":{"allow":["GET"]}}],"collection":[{"href":"https:\/\/dxncanada.ca\/fr\/wp-json\/wp\/v2\/product"}],"about":[{"href":"https:\/\/dxncanada.ca\/fr\/wp-json\/wp\/v2\/types\/product"}],"replies":[{"embeddable":true,"href":"https:\/\/dxncanada.ca\/fr\/wp-json\/wp\/v2\/comments?post=5637"}],"wp:featuredmedia":[{"embeddable":true,"href":"https:\/\/dxncanada.ca\/fr\/wp-json\/wp\/v2\/media\/5194"}],"wp:attachment":[{"href":"https:\/\/dxncanada.ca\/fr\/wp-json\/wp\/v2\/media?parent=5637"}],"wp:term":[{"taxonomy":"product_brand","embeddable":true,"href":"https:\/\/dxncanada.ca\/fr\/wp-json\/wp\/v2\/product_brand?post=5637"},{"taxonomy":"product_cat","embeddable":true,"href":"https:\/\/dxncanada.ca\/fr\/wp-json\/wp\/v2\/product_cat?post=5637"},{"taxonomy":"product_tag","embeddable":true,"href":"https:\/\/dxncanada.ca\/fr\/wp-json\/wp\/v2\/product_tag?post=5637"}],"curies":[{"name":"wp","href":"https:\/\/api.w.org\/{rel}","templated":true}]}}