{"id":5638,"date":"2025-06-20T18:09:30","date_gmt":"2025-06-20T18:09:30","guid":{"rendered":"https:\/\/dxncanada.ca\/staging\/6853\/?post_type=product&#038;p=5638"},"modified":"2025-06-27T20:37:00","modified_gmt":"2025-06-27T20:37:00","slug":"replacement-filter-b","status":"publish","type":"product","link":"https:\/\/dxncanada.ca\/fr\/produit\/replacement-filter-b\/","title":{"rendered":"Filtre de remplacement (B)"},"content":{"rendered":"<p><b>Activated Carbon:<\/b><\/p>\n<p><b>\u00a0<\/b><b>Caract\u00e9ristique<\/b><\/p>\n<ul>\n<li>Fait du 100% coquille de noix de coco charbon actif avec une haute quantit\u00e9 d\u2019iode (1050 mg\/g).<\/li>\n<li>Dur\u00e9e de vie : 2500 gallons d\u2019eau\/1 an<\/li>\n<\/ul>\n<p><b>Fonction<\/b><\/p>\n<ul>\n<li>Travail comme le meilleur mat\u00e9riel pour r\u00e9duire et enlever le chlore, le go\u00fbt, l\u2019odeur, l\u2019insecticide, les lessives synth\u00e9tiques et les mat\u00e9riaux organiques qui viennent d\u2019eau.<\/li>\n<\/ul>","protected":false},"excerpt":{"rendered":"<p><b>Activated Carbon:<\/b><\/p>\n<p><b>\u00a0<\/b><b>Caract\u00e9ristique<\/b><\/p>\n<ul>\n<li>Fait du 100% coquille de noix de coco charbon actif avec une haute quantit\u00e9 d\u2019iode (1050 mg\/g).<\/li>\n<li>Dur\u00e9e de vie : 2500 gallons d\u2019eau\/1 an<\/li>\n<\/ul>\n<p><b>Fonction<\/b><\/p>\n<ul>\n<li>Travail comme le meilleur mat\u00e9riel pour r\u00e9duire et enlever le chlore, le go\u00fbt, l\u2019odeur, l\u2019insecticide, les lessives synth\u00e9tiques et les mat\u00e9riaux organiques qui viennent d\u2019eau.<\/li>\n<\/ul>","protected":false},"featured_media":5195,"comment_status":"open","ping_status":"closed","template":"","meta":{"nf_dc_page":""},"product_brand":[],"product_cat":[60],"product_tag":[],"class_list":{"0":"post-5638","1":"product","2":"type-product","3":"status-publish","4":"has-post-thumbnail","6":"product_cat-aquazeon","8":"first","9":"instock","10":"taxable","11":"shipping-taxable","12":"purchasable","13":"product-type-simple"},"_links":{"self":[{"href":"https:\/\/dxncanada.ca\/fr\/wp-json\/wp\/v2\/product\/5638","targetHints":{"allow":["GET"]}}],"collection":[{"href":"https:\/\/dxncanada.ca\/fr\/wp-json\/wp\/v2\/product"}],"about":[{"href":"https:\/\/dxncanada.ca\/fr\/wp-json\/wp\/v2\/types\/product"}],"replies":[{"embeddable":true,"href":"https:\/\/dxncanada.ca\/fr\/wp-json\/wp\/v2\/comments?post=5638"}],"wp:featuredmedia":[{"embeddable":true,"href":"https:\/\/dxncanada.ca\/fr\/wp-json\/wp\/v2\/media\/5195"}],"wp:attachment":[{"href":"https:\/\/dxncanada.ca\/fr\/wp-json\/wp\/v2\/media?parent=5638"}],"wp:term":[{"taxonomy":"product_brand","embeddable":true,"href":"https:\/\/dxncanada.ca\/fr\/wp-json\/wp\/v2\/product_brand?post=5638"},{"taxonomy":"product_cat","embeddable":true,"href":"https:\/\/dxncanada.ca\/fr\/wp-json\/wp\/v2\/product_cat?post=5638"},{"taxonomy":"product_tag","embeddable":true,"href":"https:\/\/dxncanada.ca\/fr\/wp-json\/wp\/v2\/product_tag?post=5638"}],"curies":[{"name":"wp","href":"https:\/\/api.w.org\/{rel}","templated":true}]}}