{"id":5639,"date":"2025-06-20T18:10:54","date_gmt":"2025-06-20T18:10:54","guid":{"rendered":"https:\/\/dxncanada.ca\/staging\/6853\/?post_type=product&#038;p=5639"},"modified":"2025-06-27T20:36:47","modified_gmt":"2025-06-27T20:36:47","slug":"replacement-filter-c","status":"publish","type":"product","link":"https:\/\/dxncanada.ca\/fr\/produit\/replacement-filter-c\/","title":{"rendered":"Filtre de remplacement (C)"},"content":{"rendered":"<p><b>Bioc\u00e9ramique<\/b><\/p>\n<p><b>\u00c9tape 3.1<br \/>\n<\/b><\/p>\n<p><b>\u00a0<\/b><b>Caract\u00e9ristique<\/b><\/p>\n<ul>\n<li>Le m\u00e9lange de diff\u00e9rentes sortes de c\u00e9ramiques et des oxydes min\u00e9raux qui \u00e9mettent les biorayons infrarouges.<\/li>\n<li>Dur\u00e9e de vie : 3 ann\u00e9es<\/li>\n<\/ul>\n<p><b>Fonction<\/b><\/p>\n<ul>\n<li>Les rayons infrarouges ionisent et activent les mol\u00e9cules d\u2019eau dans notre cellule du corps et du sang, ce qui am\u00e9liore la circulation de notre sang et notre condition de sant\u00e9.<\/li>\n<li>Les ondes \u00e9lectromagn\u00e9tiques des biorayons infrarouges r\u00e9duisent la taille des amas de mol\u00e9cules d\u2019eau. Ils am\u00e9liorent l\u2019absorption d\u2019eau dans notre cellule du corps, ce qui augmente les capacit\u00e9s de l\u2019oxyg\u00e8ne et de l\u2019\u00e9nergie.<\/li>\n<\/ul>\n<p><b>\u00c9tape 3.2 \u2013 Pierre min\u00e9ral<\/b><\/p>\n<p><b>\u00a0<\/b><b>Caract\u00e9ristique<\/b><\/p>\n<ul>\n<li>Cette rare pierre min\u00e9rale naturelle est un type de granit porphyre. Il contient aussi 59 traces d\u2019\u00e9l\u00e9ments et d'\u00e9l\u00e9ments rares.<\/li>\n<li>Dur\u00e9e de vie : 3 ann\u00e9es<\/li>\n<\/ul>\n<p><b>\u00a0<\/b><b>Fonction<\/b><\/p>\n<ul>\n<li>It combines with water to generate indispensable minerals for the body, such as Calcium, Iron and Magnesium. At the same time, it revitalizes the water, by emitting Far-Infrared Rays (FIR) to produce &#8216;living water&#8217;.<\/li>\n<li>La pierre a aussi \u00e9quilibr\u00e9 le pH par le processus d\u2019\u00e9change ionique qui neutralise l\u2019eau acide dans l\u2019eau alcaline.<\/li>\n<\/ul>\n<p><b>\u00c9tape 3.3. - Tourmaline<\/b><\/p>\n<p><b>Caract\u00e9ristique<\/b><\/p>\n<ul>\n<li>Un min\u00e9ral avec une source naturelle d\u2019ions n\u00e9gative et rayons infrarouges.<\/li>\n<li>Dur\u00e9e de vie : 3 ann\u00e9es<\/li>\n<\/ul>\n<p><b>Fonction<\/b><\/p>\n<ul>\n<li>Le loin d\u2019\u00e9nergie infrarouge qui naturellement \u00e9met tourmaline cause le corps \u00e0 r\u00e9sonner \u00e0 la m\u00eame fr\u00e9quence de l\u2019eau pour am\u00e9liorer l\u2019absorption d\u2019eau dans le corps.<\/li>\n<li>Cette utilis\u00e9e pour transformer l\u2019eau naturellement en eau alcaline l\u00e9g\u00e8re, r\u00e9duire les amas d\u2019eau, am\u00e9liorer le go\u00fbt d\u2019eau, r\u00e9duire l\u2019odeur d\u2019eau et am\u00e9liorer l\u2019oxyg\u00e8ne dissous.<\/li>\n<li>Les recherches montrent que la tourmaline peut activer les m\u00e9tabolismes d\u2019animaux et de plantes.<\/li>\n<li>L'eau qui est trait\u00e9e avec tourmaline hydratera efficacement la peau et restaurera le pH du liquide organique.<\/li>\n<\/ul>","protected":false},"excerpt":{"rendered":"<p>Bio Ceramic Stage 3.1 \u00a0Features The mixture of various kinds of ceramics and mineral oxides emit bio Far-Infrared Rays (FIR). Lifespan = 3 years Functions FIR ionizes and activates water molecules in our body cells and blood thereby improving our blood circulation and health condition. Magnetic waves from FIR reduce the size of the water [&hellip;]<\/p>","protected":false},"featured_media":5196,"comment_status":"open","ping_status":"closed","template":"","meta":{"nf_dc_page":""},"product_brand":[],"product_cat":[60],"product_tag":[],"class_list":{"0":"post-5639","1":"product","2":"type-product","3":"status-publish","4":"has-post-thumbnail","6":"product_cat-aquazeon","8":"first","9":"instock","10":"taxable","11":"shipping-taxable","12":"purchasable","13":"product-type-simple"},"_links":{"self":[{"href":"https:\/\/dxncanada.ca\/fr\/wp-json\/wp\/v2\/product\/5639","targetHints":{"allow":["GET"]}}],"collection":[{"href":"https:\/\/dxncanada.ca\/fr\/wp-json\/wp\/v2\/product"}],"about":[{"href":"https:\/\/dxncanada.ca\/fr\/wp-json\/wp\/v2\/types\/product"}],"replies":[{"embeddable":true,"href":"https:\/\/dxncanada.ca\/fr\/wp-json\/wp\/v2\/comments?post=5639"}],"wp:featuredmedia":[{"embeddable":true,"href":"https:\/\/dxncanada.ca\/fr\/wp-json\/wp\/v2\/media\/5196"}],"wp:attachment":[{"href":"https:\/\/dxncanada.ca\/fr\/wp-json\/wp\/v2\/media?parent=5639"}],"wp:term":[{"taxonomy":"product_brand","embeddable":true,"href":"https:\/\/dxncanada.ca\/fr\/wp-json\/wp\/v2\/product_brand?post=5639"},{"taxonomy":"product_cat","embeddable":true,"href":"https:\/\/dxncanada.ca\/fr\/wp-json\/wp\/v2\/product_cat?post=5639"},{"taxonomy":"product_tag","embeddable":true,"href":"https:\/\/dxncanada.ca\/fr\/wp-json\/wp\/v2\/product_tag?post=5639"}],"curies":[{"name":"wp","href":"https:\/\/api.w.org\/{rel}","templated":true}]}}