{"id":5640,"date":"2025-06-20T18:15:12","date_gmt":"2025-06-20T18:15:12","guid":{"rendered":"https:\/\/dxncanada.ca\/staging\/6853\/?post_type=product&#038;p=5640"},"modified":"2025-06-27T20:36:28","modified_gmt":"2025-06-27T20:36:28","slug":"replacement-filter-d","status":"publish","type":"product","link":"https:\/\/dxncanada.ca\/fr\/produit\/replacement-filter-d\/","title":{"rendered":"Filtre de remplacement (D)"},"content":{"rendered":"<p><b>Charbon actif granulaire<\/b><\/p>\n<p><b>\u00a0<\/b><b>Caract\u00e9ristique<\/b><\/p>\n<ul>\n<li>Fait de 100% de coquille de noix de coco \u00e0 charbon actif, qui consiste en hauts num\u00e9raux d\u2019iode (1050 mg\/g).<\/li>\n<li>Dur\u00e9e de vie : 2 ann\u00e9es<\/li>\n<\/ul>\n<p><b>\u00a0<\/b><b>Fonction<\/b><\/p>\n<ul>\n<li>Am\u00e9liore le go\u00fbt, l\u2019odeur, la couleur et la turbidit\u00e9 d\u2019eaux en accord avec les standards de boire.<\/li>\n<\/ul>\n<p><b>Stage 4.2\u00a0 &#8211; Ionic Ball<\/b><\/p>\n<p><b>\u00a0<\/b><b>Caract\u00e9ristique<\/b><\/p>\n<ul>\n<li>Consiste d\u2019un puissant antioxydant, 3-(3\u20195-di-tert-butyl-4-hydroxyph\u00e9nyl) propionate d\u2019octad\u00e9cyle.<\/li>\n<li>Dur\u00e9e de vie : 2 ann\u00e9es<\/li>\n<\/ul>\n<p><b>Fonction<\/b><\/p>\n<ul>\n<li>\u00c7a r\u00e9duit la valeur du potentiel d\u2019oxydo-r\u00e9duction de l\u2019eau.<\/li>\n<li>\u00c7a am\u00e9liore le pouvoir r\u00e9ducteur en enlevant des radicaux libres qui causent de nombreuses maladies.<\/li>\n<\/ul>","protected":false},"excerpt":{"rendered":"<p>Granular Activated Carbon \u00a0Features Made from 100% Coconut Shell Activated Carbon, which consists of high iodine number of 1050mg\/g. Lifespan = 2 years \u00a0Function Improves taste, odor, color and turbidity of the water according to drinking standard. Stage 4.2\u00a0 &#8211; Ionic Ball \u00a0Features Consists octadecyl 3-(3\u00b45-di-tert-butyl-4\u00b4hydroxyphenyl) propionate, a powerful antioxidant. Lifespan = 2 years Functions [&hellip;]<\/p>","protected":false},"featured_media":5197,"comment_status":"open","ping_status":"closed","template":"","meta":{"nf_dc_page":""},"product_brand":[],"product_cat":[60],"product_tag":[],"class_list":{"0":"post-5640","1":"product","2":"type-product","3":"status-publish","4":"has-post-thumbnail","6":"product_cat-aquazeon","8":"first","9":"instock","10":"taxable","11":"shipping-taxable","12":"purchasable","13":"product-type-simple"},"_links":{"self":[{"href":"https:\/\/dxncanada.ca\/fr\/wp-json\/wp\/v2\/product\/5640","targetHints":{"allow":["GET"]}}],"collection":[{"href":"https:\/\/dxncanada.ca\/fr\/wp-json\/wp\/v2\/product"}],"about":[{"href":"https:\/\/dxncanada.ca\/fr\/wp-json\/wp\/v2\/types\/product"}],"replies":[{"embeddable":true,"href":"https:\/\/dxncanada.ca\/fr\/wp-json\/wp\/v2\/comments?post=5640"}],"wp:featuredmedia":[{"embeddable":true,"href":"https:\/\/dxncanada.ca\/fr\/wp-json\/wp\/v2\/media\/5197"}],"wp:attachment":[{"href":"https:\/\/dxncanada.ca\/fr\/wp-json\/wp\/v2\/media?parent=5640"}],"wp:term":[{"taxonomy":"product_brand","embeddable":true,"href":"https:\/\/dxncanada.ca\/fr\/wp-json\/wp\/v2\/product_brand?post=5640"},{"taxonomy":"product_cat","embeddable":true,"href":"https:\/\/dxncanada.ca\/fr\/wp-json\/wp\/v2\/product_cat?post=5640"},{"taxonomy":"product_tag","embeddable":true,"href":"https:\/\/dxncanada.ca\/fr\/wp-json\/wp\/v2\/product_tag?post=5640"}],"curies":[{"name":"wp","href":"https:\/\/api.w.org\/{rel}","templated":true}]}}