{"id":5995,"date":"2026-04-11T20:55:55","date_gmt":"2026-04-11T20:55:55","guid":{"rendered":"https:\/\/dxncanada.ca\/?post_type=product&#038;p=5995"},"modified":"2026-04-11T21:09:38","modified_gmt":"2026-04-11T21:09:38","slug":"spirulina-tablets-120s","status":"publish","type":"product","link":"https:\/\/dxncanada.ca\/fr\/produit\/spirulina-tablets-120s\/","title":{"rendered":"Spirulina Tablets 120&#8217;s"},"content":{"rendered":"<p>Dans un comprim\u00e9, re\u00e7oit tous les nutriments majeurs pour ton corps d\u2019avoir une performance optimale. DXN Spiruline est 100 % alcalin et est riche en prot\u00e9ine, b\u00eata-carot\u00e8ne, chlorophylle, vitamines, min\u00e9raux, et les antioxydants qui font l\u2019aliment le plus complet. Seulement les esp\u00e8ces majeures esp\u00e8ces sont cultiv\u00e9es naturellement dans un \u00e9tang propre. Il n\u2019y a pas d\u2019application des pesticides et herbicides. Appropri\u00e9 pour les enfants, adultes et s\u00e9niors.<\/p>\n<ul>\n<li>Ideal for adding to smoothies<\/li>\n<li>High Protein &amp; Vitamin B12<\/li>\n<li>Ideal for vegetarians<\/li>\n<li>Increases energy<\/li>\n<li>Stimulates internal cleansing<\/li>\n<li>Promotes optimal immune function<\/li>\n<\/ul>\n<p>Taille disponible : 120 ou 500 comprim\u00e9s par bouteille<\/p>","protected":false},"excerpt":{"rendered":"<p>Get all the major nutrients your body needs for optimum performance in a tablet. DXN Spirulina is 100% alkaline and is rich in protein, beta carotene, chlorophyll, vitamins, minerals, and antioxidants making it nature\u2019s most complete food. Only the best species are cultivated naturally\u00a0 in a clean pond. No pesticides or herbicides are applied. Suitable [&hellip;]<\/p>","protected":false},"featured_media":5983,"comment_status":"open","ping_status":"closed","template":"","meta":{"nf_dc_page":""},"product_brand":[],"product_cat":[28],"product_tag":[],"class_list":{"0":"post-5995","1":"product","2":"type-product","3":"status-publish","4":"has-post-thumbnail","6":"product_cat-supplements","8":"first","9":"instock","10":"taxable","11":"shipping-taxable","12":"purchasable","13":"product-type-simple"},"_links":{"self":[{"href":"https:\/\/dxncanada.ca\/fr\/wp-json\/wp\/v2\/product\/5995","targetHints":{"allow":["GET"]}}],"collection":[{"href":"https:\/\/dxncanada.ca\/fr\/wp-json\/wp\/v2\/product"}],"about":[{"href":"https:\/\/dxncanada.ca\/fr\/wp-json\/wp\/v2\/types\/product"}],"replies":[{"embeddable":true,"href":"https:\/\/dxncanada.ca\/fr\/wp-json\/wp\/v2\/comments?post=5995"}],"wp:featuredmedia":[{"embeddable":true,"href":"https:\/\/dxncanada.ca\/fr\/wp-json\/wp\/v2\/media\/5983"}],"wp:attachment":[{"href":"https:\/\/dxncanada.ca\/fr\/wp-json\/wp\/v2\/media?parent=5995"}],"wp:term":[{"taxonomy":"product_brand","embeddable":true,"href":"https:\/\/dxncanada.ca\/fr\/wp-json\/wp\/v2\/product_brand?post=5995"},{"taxonomy":"product_cat","embeddable":true,"href":"https:\/\/dxncanada.ca\/fr\/wp-json\/wp\/v2\/product_cat?post=5995"},{"taxonomy":"product_tag","embeddable":true,"href":"https:\/\/dxncanada.ca\/fr\/wp-json\/wp\/v2\/product_tag?post=5995"}],"curies":[{"name":"wp","href":"https:\/\/api.w.org\/{rel}","templated":true}]}}